{"id":569,"date":"2024-09-12T09:56:23","date_gmt":"2024-09-12T09:56:23","guid":{"rendered":"https:\/\/esnec.ghost.uem.mz\/?page_id=569"},"modified":"2025-02-26T13:35:15","modified_gmt":"2025-02-26T13:35:15","slug":"jornal-esnec","status":"publish","type":"page","link":"https:\/\/esnec.ghost.uem.mz\/index.php\/jornal-esnec\/","title":{"rendered":"Jornal ESNEC"},"content":{"rendered":"\t\t<div data-elementor-type=\"wp-page\" data-elementor-id=\"569\" class=\"elementor elementor-569\" data-elementor-post-type=\"page\">\n\t\t\t\t<div class=\"elementor-element elementor-element-d39cc7b e-flex e-con-boxed e-con e-parent\" data-id=\"d39cc7b\" data-element_type=\"container\" data-e-type=\"container\">\n\t\t\t\t\t<div class=\"e-con-inner\">\n\t\t\t\t<div class=\"elementor-element elementor-element-e52621e elementor-widget elementor-widget-text-editor\" data-id=\"e52621e\" data-element_type=\"widget\" data-e-type=\"widget\" data-widget_type=\"text-editor.default\">\n\t\t\t\t<div class=\"elementor-widget-container\">\n\t\t\t\t\t\t\t\t\t<p>\u00a0Primeira edi\u00e7\u00e3o (J.E) <a href=\"https:\/\/l.facebook.com\/l.php?u=https%3A%2F%2Fwww.mediafire.com%2Ffile%2Frvvviw0pz8h9dj5%2FJornal_ESNEC_%2525282_ed%252529.pdf%2Ffile%3Ffbclid%3DIwZXh0bgNhZW0CMTAAAR1V-oCV5NUWaT5oagmIh2sSf__iMSqYpfToC6ZMqwAgZECSjr6giPlHLm0_aem__TEVc6oySrqlLu9YOEUSMw&amp;h=AT2B9f-WzGYXVE8Hl3Y9D0di4w4VROAYB5O1bZ_t021VjmdteynSOLb3ZmmAZE19VR9BJmEqX-WauCWb2YYv8fQZMejXGN2kFvQHpwAOot3KX69-zCQVM7ulYFJhi1aRB8uOsc-FiXMHmTzs4aNR&amp;__tn__=-UK-R&amp;c[0]=AT16buRFKRtyp4IZjx8t96AHEcRf8OGghMCHOUM2uukHXjslb82vuDQ3AFFFc0MTcs4h1id_oM8SdVMqoyF9_op_5Ma6I-kcP9ioayLUC-dc0a0XJGNxeXujNjCzrQxM1Zf5MTPop8JNcP_LZdAemlvkKlbdUL3IoAUcx5GThHU7jfsW_xZT0N8v9ijHKlwqDR27zdqolEJ6LjBcRv56Jcx6\">Segunda edi\u00e7\u00e3o (J.E) \u00a0 <\/a><a href=\"https:\/\/esnec.ghost.uem.mz\/wp-content\/uploads\/2024\/09\/Jornal-Ed.-3-1.pdf\">Terceira edi\u00e7\u00e3o (J.E)<\/a>\u00a0\u00a0<a href=\"https:\/\/esnec.ghost.uem.mz\/wp-content\/uploads\/2024\/09\/Jornal-ESNEC-4-Ed.pdf\">Quarta edi\u00e7\u00e3o (J.E)<\/a>\u00a0\u00a0<a href=\"https:\/\/esnec.ghost.uem.mz\/wp-content\/uploads\/2024\/09\/JORNAL-ESNEC-5-ed-4.pdf\">Quinta edi\u00e7\u00e3o (J.E) \u00a0 \u00a0 <\/a><a href=\"https:\/\/l.facebook.com\/l.php?u=https%3A%2F%2Fmega.nz%2Ffile%2FhK0R2K6B%3Ffbclid%3DIwZXh0bgNhZW0CMTAAAR3nvS_Gvw6iD16aYPXssmBQnkvqJ2cnWF9qnDmCuHwjaOaQn2BqcMXOlRc_aem_YaIvlzS7ghugUXZILISdCA%23HV77zGCos1uwgzDiJJKD2U5AyenJEpXWAjW4Fk7qIec&amp;h=AT0-_7lhuqWMlm6RG4104M3IDOPWKxV7LKkt4kjVaZYbvxodmRrCIWrez1cSZl1G9YTeIrDcgk_nTIi51KSFiYSsmxzCMkVA4xGrDbDLauZ_2TPJTGWL43MVaDTwJ6YcxaOYh9gq1y8vEcUHrs_J&amp;__tn__=-UK-R&amp;c[0]=AT0__TdWg6UFuAnteoTVb5u97i1WVCcP7TPWR8A0VTymPBDY-IQotR0batcX_7QL2iws40mBZMORVVJjD81Qcf8p3AO_8zgGOuMXH28PuFJ51QJyXgM6aQ4Wvkzposjar9eFrJKkxpmV9LNapwy0BO3SwMjNIybgb3Orfl4fIecf2hxHqR10mBq1Ao69iLQq3KlilnRflx0_GsN6FcEFJxCHrw\">Sexta edi\u00e7\u00e3o (J.E) \u00a0 \u00a0<\/a><a href=\"https:\/\/l.facebook.com\/l.php?u=https%3A%2F%2Fmega.nz%2Ffile%2FweMUQZTT%3Ffbclid%3DIwZXh0bgNhZW0CMTAAAR2zqylPqgOAiweR5qqR1EUt7b6TQv18RfSjJ6wrRez3jckkpZvNnFn8tCQ_aem_3RusDvsg1lDcHxJ2KwK2vA%23IC5QweP6P7NQWnxPSpyhUKFjKCg3-9Am406cyRzPgsQ&amp;h=AT0aDaDBDFgd3SkbCkraVEs1JS4XG15srGsuPg9ysnaD2ZO7_ZbMQNqVamM6vfaRAQLqchxwo_SkXPQyI-QuqexPKP3Jehk55zT3XY4hJ3zNQ_Us8mac0nsB38MN0A-aT3me7I_oJkEAQBrkP8Sh&amp;__tn__=-UK-R&amp;c[0]=AT0kkZpkyPeQGK1rr_tPDTsCuNVo0svTrK7GGq2HSssczaMk6tp5R-cHaPD3aE6_ORTzxv4cIFIMywVRfnDHV-PwmTFrxUCRtGJ3dWuNCF5EjFV3R_GGiLV9MJ__ukpTNO-767eBFjJYFaXGWNsdeNX1sJM9HKTw3I74OB9kuprHfDyJ0wzb_LFkl0RXUjDvj3y4Ii6KxzOveFnbBcn2_R2Jbg\">Setima edi\u00e7\u00e3o (J.E)<\/a><\/p><p><a href=\"https:\/\/l.facebook.com\/l.php?u=https%3A%2F%2Fmega.nz%2Ffile%2F5CUVTayS%3Ffbclid%3DIwZXh0bgNhZW0CMTAAAR3nvS_Gvw6iD16aYPXssmBQnkvqJ2cnWF9qnDmCuHwjaOaQn2BqcMXOlRc_aem_YaIvlzS7ghugUXZILISdCA%235rww3J5U2E-YMd_wv8so-qs6mvSuxThIqALUamGr_WI&amp;h=AT3YyIwl4Q0-NZiyxTpKyhitOZJTXCN2zylw2oGS2nl6OLdG3xYCkBXdBGjHOAOr54rNlIdDppzzuT8tuuwjuJXBx-3S8sEMH7w4qd8XpsByo2tj9bcA3cGb2yGUfMCJWgYqAtgM2IE0v7-qxXm_&amp;__tn__=-UK-R&amp;c[0]=AT0BRnEwndARaq7ij314ZgmlKaFB15M0CsudEvlAf9AvlFGWPvcBXchQ2U6Mq3c-TXa7SDbvvO3y_zCKvLxvpSMw7fopBQmBbV-L5cI8yt3H20PKKHYxsRCYmaohGVfimLIT9z4QoaDTfzGR_oYMaERHefewzfavi8H3_Q_SkVLd19kAFeMT-LFt-G3WSnErdjhU7_4DHJ3ZtHL9ViSCeG-aQQ\">Oitava edi\u00e7\u00e3o (J.E) \u00a0 \u00a0 \u00a0<\/a><a href=\"https:\/\/l.facebook.com\/l.php?u=https%3A%2F%2Fmega.nz%2Ffile%2FsHtD0D6T%3Ffbclid%3DIwZXh0bgNhZW0CMTAAAR1JjlhgEjz37xwLri9yA7pIYrrAi18MCr9dWNQawk6dtFSNeor4gwVXjRI_aem_RKXWPD7jiAeK6UkNgS6qfQ%23k5nFqT_NkbvpxWjjXe-9IFI6WByoTDZ0m_yUXbbrdLY&amp;h=AT3H4ScbeTKjJzRmpUA-sSu6EWTB-2P-ovCeYy4umJ_u_LD4NKdw8PZo7kFzyjxSYA8LdHznS-XpXl6SoCnzGdmQ6Kj34ibQBpSl7bdQSyG3ApOqKtFIfBEz75MIxjOQonTsOwsT6eK2gJMvkgq9&amp;__tn__=-UK-R&amp;c[0]=AT2qxd9bQFYOXW5OHfHdv2Qy33yxWL5hJTyZE-s7VB--ZqCTG7lIhhzFkPTAJAd3WJ2nTJYfjzznuO-d6DEz3dsAF4TOKGwIckit-jnLYwtaC7wZj9uHgznWNG7ziUnLFyBF2A9l8khTFP1l7J_alTuw1CVrB6EWBl89joFbXMYwrI7LHWUaUguN1U0oe1C1EGmrJPxEeZegWmGLjMgHTuhCSw\">Nona edi\u00e7\u00e3o (J.E) \u00a0 \u00a0 \u00a0 \u00a0<\/a><a href=\"https:\/\/l.facebook.com\/l.php?u=https%3A%2F%2Fmega.nz%2Ffile%2FUK0VBbgL%3Ffbclid%3DIwZXh0bgNhZW0CMTAAAR2n9OECV53HFr8YJkfvFBN3xxhuB7LsvUIx0N00XjCvykCmljMVdLaZeFg_aem__xza1HZsFUejJyxPOam_Tw%23O9ueq3Bq7RsmYBWLMWF2MEvJ0qSwmVwWJPznoigDYyg&amp;h=AT3W8qTVhiBvsp8PL4VQw9A30mLC3ZgEBYfgdegYfkeyzKphd2Psl9cRqjVNgwBoVgaff1Oe-l88qrKz_Cx6Q2PIdHq84wump9vKfXXNAacU-yzIoWKFbvAY3yOdUNmebTfeM1uc0QhdPLB8t_UQ&amp;__tn__=-UK-R&amp;c[0]=AT2251VFtyOF5jDjaf8lqkUZfllGOvD4-yVEbyYcIwlGaARyPYA8R0mK3j6zMJuA-bo72N6jBrRVsDeA_rpMTj5pdw4iGFiNeMWgasBlcrmF8B9NIEi8AeuyagvUlz1bozZQztwiOyIbJp8SntONTlkEt0VVVHEpTAjVAYJSt5MXXAd49tTA3jNGcY95sEjZJ6AIOGN2DqRjUok_tRP5r-qmkA\">D\u00e9cima edi\u00e7\u00e3o (J.E) \u00a0 \u00a0 \u00a0 \u00a0 <\/a><a href=\"https:\/\/l.facebook.com\/l.php?u=https%3A%2F%2Fmega.nz%2Ffile%2FFSdQSIIY%3Ffbclid%3DIwZXh0bgNhZW0CMTAAAR1JjlhgEjz37xwLri9yA7pIYrrAi18MCr9dWNQawk6dtFSNeor4gwVXjRI_aem_RKXWPD7jiAeK6UkNgS6qfQ%23kZqpBVnJMz6M2AhxWFCEE-cLG8SS9nqD4zZSDacjQoQ&amp;h=AT1MheGBfj4pWHuPTN1AuMOzo9M7DDttI4oQhNd-g8EKnfCSM3r5gm0yNjIQm1-248UQB4bnf99utbJUKsLyi6z5zsiHknrbf-JPAKol6yYJxIqftK7TMpn9vjlKfKvIZvED0tvBwlUPsWgjuKZl&amp;__tn__=-UK-R&amp;c[0]=AT3fr5fUGSw24n7SERt9Uo5srNhjro8IUkZHDs56U9fQut3KY6OOkElRKi-BndRAQvif4J0zsNna2tvdikkMUq7kChbHwlbRx4tnJDmBs3w9Sitd0LXKB755pbqg3nsmz73dKD1MEs6Yh9RF7KblOFCuKaYhZdR7tr9ytTMg2aXlZvpV_TTj7ONaHtoOQpY9h1Yu_qZmoJs75ulB1Xj-elYUQw\">D\u00e9cima primeira edi\u00e7\u00e3o (J.E)\u00a0 \u00a0 \u00a0 <\/a><a href=\"https:\/\/l.facebook.com\/l.php?u=https%3A%2F%2Fwww.mediafire.com%2Ffile%2Fuegxbeeaf16o4w0%2F12_Edicao_%2525282%252529.pdf%2Ffile%3Ffbclid%3DIwZXh0bgNhZW0CMTAAAR0_yJp3fAcRm7kZVYjvxKk695J7PwqCZJFPoL1vj1f3bzFsmjGGrwP3PUM_aem_CYTmgzpOwHxyY2Nhn5ABgw&amp;h=AT2pOJ3mqEfYFwL5OMNUZy-IedZQMfsJQKFM23oLtWky6J685_XbD2MZFrI0hwYOdPZRLM7M84MdnXR7y9auuz1dn3bomfdynLD_kaAytyCSNB6a9QXFz7G-2NQ-uYBzZ1Ltmp7wJ24oxC-s7AD6&amp;__tn__=-UK-R&amp;c[0]=AT1BsHDyHi97PYkTrCYJWnMwpa1BlPej4pp0Drp6vOgKtmWI4krTfVvS58-zjHllN0_E9XBbRWc0dAMCeyXk5BaSx-zVN5sEyifMA7xbIjUaefGsdNyI4V_6jw8Kz815zVoQIKhCt88_NE7N0mexsEFX1Ua10CM6v0FQraMTE0D5_ym-YtJb3A9TKeTQw50tEZBPLiWHsOxSjy96K0APvF75sw\">D\u00e9cima segunda edi\u00e7\u00e3o (J.E)<\/a><\/p><p>\u00a0<\/p><p>\u00a0<\/p>\t\t\t\t\t\t\t\t<\/div>\n\t\t\t\t<\/div>\n\t\t\t\t\t<\/div>\n\t\t\t\t<\/div>\n\t\t<div class=\"elementor-element elementor-element-77307a4 e-flex e-con-boxed e-con e-parent\" data-id=\"77307a4\" data-element_type=\"container\" data-e-type=\"container\">\n\t\t\t\t\t<div class=\"e-con-inner\">\n\t\t\t\t\t<\/div>\n\t\t\t\t<\/div>\n\t\t\t\t<\/div>\n\t\t","protected":false},"excerpt":{"rendered":"<p>\u00a0Primeira edi\u00e7\u00e3o (J.E) Segunda edi\u00e7\u00e3o (J.E) \u00a0 Terceira edi\u00e7\u00e3o (J.E)\u00a0\u00a0Quarta edi\u00e7\u00e3o (J.E)\u00a0\u00a0Quinta edi\u00e7\u00e3o (J.E) \u00a0 \u00a0 Sexta edi\u00e7\u00e3o (J.E) \u00a0 [&hellip;]<\/p>\n","protected":false},"author":1,"featured_media":0,"parent":0,"menu_order":0,"comment_status":"closed","ping_status":"closed","template":"","meta":{"site-sidebar-layout":"no-sidebar","site-content-layout":"","ast-site-content-layout":"full-width-container","site-content-style":"default","site-sidebar-style":"default","ast-global-header-display":"","ast-banner-title-visibility":"","ast-main-header-display":"","ast-hfb-above-header-display":"","ast-hfb-below-header-display":"","ast-hfb-mobile-header-display":"","site-post-title":"disabled","ast-breadcrumbs-content":"","ast-featured-img":"disabled","footer-sml-layout":"","theme-transparent-header-meta":"","adv-header-id-meta":"","stick-header-meta":"","header-above-stick-meta":"","header-main-stick-meta":"","header-below-stick-meta":"","astra-migrate-meta-layouts":"default","ast-page-background-enabled":"default","ast-page-background-meta":{"desktop":{"background-color":"var(--ast-global-color-4)","background-image":"","background-repeat":"repeat","background-position":"center center","background-size":"auto","background-attachment":"scroll","background-type":"","background-media":"","overlay-type":"","overlay-color":"","overlay-opacity":"","overlay-gradient":""},"tablet":{"background-color":"","background-image":"","background-repeat":"repeat","background-position":"center center","background-size":"auto","background-attachment":"scroll","background-type":"","background-media":"","overlay-type":"","overlay-color":"","overlay-opacity":"","overlay-gradient":""},"mobile":{"background-color":"","background-image":"","background-repeat":"repeat","background-position":"center center","background-size":"auto","background-attachment":"scroll","background-type":"","background-media":"","overlay-type":"","overlay-color":"","overlay-opacity":"","overlay-gradient":""}},"ast-content-background-meta":{"desktop":{"background-color":"var(--ast-global-color-5)","background-image":"","background-repeat":"repeat","background-position":"center center","background-size":"auto","background-attachment":"scroll","background-type":"","background-media":"","overlay-type":"","overlay-color":"","overlay-opacity":"","overlay-gradient":""},"tablet":{"background-color":"var(--ast-global-color-5)","background-image":"","background-repeat":"repeat","background-position":"center center","background-size":"auto","background-attachment":"scroll","background-type":"","background-media":"","overlay-type":"","overlay-color":"","overlay-opacity":"","overlay-gradient":""},"mobile":{"background-color":"var(--ast-global-color-5)","background-image":"","background-repeat":"repeat","background-position":"center center","background-size":"auto","background-attachment":"scroll","background-type":"","background-media":"","overlay-type":"","overlay-color":"","overlay-opacity":"","overlay-gradient":""}},"footnotes":""},"class_list":["post-569","page","type-page","status-publish","hentry"],"_links":{"self":[{"href":"https:\/\/esnec.ghost.uem.mz\/index.php\/wp-json\/wp\/v2\/pages\/569","targetHints":{"allow":["GET"]}}],"collection":[{"href":"https:\/\/esnec.ghost.uem.mz\/index.php\/wp-json\/wp\/v2\/pages"}],"about":[{"href":"https:\/\/esnec.ghost.uem.mz\/index.php\/wp-json\/wp\/v2\/types\/page"}],"author":[{"embeddable":true,"href":"https:\/\/esnec.ghost.uem.mz\/index.php\/wp-json\/wp\/v2\/users\/1"}],"replies":[{"embeddable":true,"href":"https:\/\/esnec.ghost.uem.mz\/index.php\/wp-json\/wp\/v2\/comments?post=569"}],"version-history":[{"count":13,"href":"https:\/\/esnec.ghost.uem.mz\/index.php\/wp-json\/wp\/v2\/pages\/569\/revisions"}],"predecessor-version":[{"id":751,"href":"https:\/\/esnec.ghost.uem.mz\/index.php\/wp-json\/wp\/v2\/pages\/569\/revisions\/751"}],"wp:attachment":[{"href":"https:\/\/esnec.ghost.uem.mz\/index.php\/wp-json\/wp\/v2\/media?parent=569"}],"curies":[{"name":"wp","href":"https:\/\/api.w.org\/{rel}","templated":true}]}}