{"id":435,"date":"2024-09-11T12:58:15","date_gmt":"2024-09-11T12:58:15","guid":{"rendered":"https:\/\/esnec.ghost.uem.mz\/?page_id=435"},"modified":"2025-02-19T02:28:56","modified_gmt":"2025-02-19T02:28:56","slug":"artigos-cientificos","status":"publish","type":"page","link":"https:\/\/esnec.ghost.uem.mz\/index.php\/artigos-cientificos\/","title":{"rendered":"Artigos cientificos"},"content":{"rendered":"\t\t<div data-elementor-type=\"wp-page\" data-elementor-id=\"435\" class=\"elementor elementor-435\" data-elementor-post-type=\"page\">\n\t\t\t\t<div class=\"elementor-element elementor-element-1953c6f e-flex e-con-boxed e-con e-parent\" data-id=\"1953c6f\" data-element_type=\"container\" data-e-type=\"container\">\n\t\t\t\t\t<div class=\"e-con-inner\">\n\t\t\t\t<div class=\"elementor-element elementor-element-ebffd8c elementor-widget elementor-widget-text-editor\" data-id=\"ebffd8c\" data-element_type=\"widget\" data-e-type=\"widget\" data-widget_type=\"text-editor.default\">\n\t\t\t\t<div class=\"elementor-widget-container\">\n\t\t\t\t\t\t\t\t\t<h5>Artigos produzidos por docentes da ESNEC<\/h5><p><a href=\"https:\/\/doi.org\/10.5902\/2318179665661\">Prof. Doutor Nelson Maria Rosario &amp; Doutor Alex Orlando Ndava &#8220;A extens\u00e3o rural, agricultura e qualidade de vida: o caso de estudo dos agricultores do distrito de Boane, Mo\u00e7ambique.&#8221;<\/a><\/p><p><a href=\"https:\/\/doi.org\/10.47946\/rnera.v0i60.7853\">Prof. Doutor Nelson Maria Ros\u00e1rio &#8220;Agricultura no Regadio do Baixo Limpopo, Gaza, Mocambique: Uma breve an\u00e1lise e reflex\u00e3o sobre a tipologia dos agricultores.&#8221;<\/a><\/p><p><a href=\"https:\/\/doi.org\/10.21680\/2177-8396.2019v31n1ID12862\">Prof.Doutor Nelson Maria Ros\u00e1rio &#8220;Agroneg\u00f3cio em Mo\u00e7ambique: Uma breve an\u00e1lise da situa\u00e7\u00e3o de estrangeriza\u00e7\u00e3o do agroneg\u00f3cio.&#8221;<\/a><\/p><p><a href=\"https:\/\/doi.org\/10.21680\/2177-8396.2016v28n2ID9981\">Prof. Doutor Nelson Maria Ros\u00e1rio &#8220;O papel dos Servi\u00e7os Financeiros Rurais na Promo\u00e7\u00e3o do Desenvolvimento da Agricultura Familiar: Caso da Cooperativa 25 de Setembro no distrito de Boane, Mo\u00e7ambique.&#8221;<\/a><\/p><p><a href=\"https:\/\/periodicos.unifap.br\/pracs\/\">Prof. Doutor Nelson Maria &amp; Doutor Alex Orlando Ndava &#8220;O Empreendedorismo Feminino e o seu Impacto no Desenvolvimento Social: Caso de estudo da cidade de Xai-Xai, Gaza\/ Mo\u00e7ambique.&#8221;<\/a><\/p><p><a href=\"https:\/\/doi.org\/10.21680\/2177-8396.2020v32n2ID21623\">Prof. Doutor Nelson Maria Ros\u00e1rio &#8220;Microcr\u00e9dito e Empreendedorismo: Uma An\u00e1lise da Situa\u00e7\u00e3o dos Benefici\u00e1rios do Microcr\u00e9dito da Cidade De Xai-Xai, Gaza, Mo\u00e7ambique.&#8221;<\/a><\/p><p><a href=\"https:\/\/doi.org\/10.21680\/2177-8396.2023v35n2ID31776\">Prof. Doutor Nelson Maria Ros\u00e1rio &amp; Mestre Nelio C\u00e2ndido &#8220;Impacto Social e Econ\u00f3mico do Reassentamento no distrito de Chibuto, Gaza\/Mo\u00e7ambique: Caso das Fam\u00edlias de Nwahamuza Afectadas pela Explora\u00e7\u00e3o das Areias Pesadas de Chibuto.&#8221;<\/a><\/p><p><a href=\"https:\/\/doi.org\/10.21680\/2177-8396.2020v32n1ID19822\">Prof. Doutor Nelson Maria Ros\u00e1rio &#8220;Influ\u00eancia Socioecon\u00f3mica da Exist\u00eancia de grupos de Poupan\u00e7a e Cr\u00e9dito Rotativo no distrito de Marracuene, Prov\u00edncia de Maputo- Mo\u00e7ambique.&#8221;<\/a><\/p><p><a href=\"http:\/\/10.3895\/rts.v18n50.14079\">Prof. Doutor Nelson Maria Ros\u00e1rio &amp; Doutor Alex Orlando Ndava &#8220;Agricultura e transfer\u00eancia de tecnologia: o caso projecto Wamb\u00e3o no Regadio do Baixo Limpopo, Gaza-Mo\u00e7ambique.&#8221;\u00a0<\/a><\/p><p><a href=\"http:\/\/hdl.handle.net\/10183\/212968\">Prof. Doutor Nelson Maria Ros\u00e1rio &#8220;Desenvolvimento e Agricultura na Regi\u00e3o do Regadio do Baixo Limpopo, Gaza\/Mo\u00e7ambique: Hist\u00f3ria, Situa\u00e7\u00e3o Actual e Perspectivas.&#8221;<\/a><\/p><p><a href=\"http:\/\/hdl.handle.net\/10183\/218551\">Prof. Doutor Nelson Maria Ros\u00e1rio &#8220;O Fundo Distrital de Desenvolvimento e a Agricultura: O caso de estudo das Comunidades no distrito de Chibuto, Mo\u00e7ambique.&#8221;<\/a><\/p><p><a href=\"https:\/\/periodicos.ufrn.br\/sociedadeeterritorio\/article\/view\/4393\">Prof. Doutor Nelson Maria Ros\u00e1rio &#8221; O \u00cdndice Territorial de Desenvolvimento Humano para o distrito de Chibuto- Mo\u00e7ambique.&#8221;<\/a><\/p><p><a href=\"https:\/\/doi.org\/10.22295\/grifos.v31i56.6270\">Doutor Alex Orlando Ndava &#8220;Rela\u00e7\u00f5es Produtivas na Produ\u00e7\u00e3o do Arroz pela Agricultura Familiar no Per\u00edmetro Irrigado do Rio Limpopo, Mo\u00e7ambique.&#8221;<\/a><\/p><p><a href=\"http:\/\/www.altec2013.org\/programme_pdf\/1013.pdf\">Doutor Alex Orlando Ndava &#8220;Estado da arte: Impacto de tecnologia na cadeia produtiva do leite.&#8221;<\/a><\/p><p><a href=\"http:\/\/10.34117\/bjdv8n7-028\">Doutora Joana Manuel Matusse Joaquim &#8220;Mudan\u00e7as nos padr\u00f5es tradicionais de explora\u00e7\u00e3o da terra e do trabalho: o caso da a\u00e7ucareira de Xinavane em Mo\u00e7ambique.&#8221;<\/a><\/p><p><a href=\"https:\/\/socius.rc.iseg.ulisboa.pt\/home.html\">Doutora Joana Manuel Matusse Joaquim &#8220;Descontinuidades da Ind\u00fastria A\u00e7ucareira em Mo\u00e7ambique e os seus Efeitos na Integracao dos Pequenos Produtores Agr\u00edcolas.&#8221;<\/a><\/p><p><a href=\"https:\/\/doi.org\/10.33448\/rsd-v11i12.34395\">Mestre Efraime da Gra\u00e7a Armando Gobeia\u00a0 &#8220;Import\u00e2ncia socioecon\u00f3mica da emerg\u00eancia de grupos de poupan\u00e7a e cr\u00e9dito na cadeia de valor da mandioca (Manihot esculenta crantz) no distrito de Inharrime, prov\u00edncia de Inhambane em Mo\u00e7ambique.&#8221;<\/a><\/p><p><a href=\"http:\/\/hdl.handle.net\/10183\/270884\">Mestre Marisa Iva Abrao Malate Gobeia &amp; Mestre Efraime da Gra\u00e7a Armando Gobeia &#8220;Avalia\u00e7\u00e3o dos impactos dos servi\u00e7os p\u00fablicos de extens\u00e3o rural nas pequenas e m\u00e9dias explora\u00e7\u00f5es agr\u00edcolas na Zona Sul de Mo\u00e7ambique entre 2012 e 2020.&#8221;<\/a><\/p><p><a href=\"http:\/\/hdl.handle.net\/10183\/245576\">Mestre Marisa Iva Abrao Malate Gobeia &amp; Mestre Efraime da Gra\u00e7a Armando Gobeia &#8220;Impacto do acesso ao financiamento formal no surgimento e crescimento das pequenas e m\u00e9dias empresas na cidade de Chibuto (2016-2017).<\/a><\/p><p><a href=\"http:\/\/hdl.handle.net\/10183\/270904\">Mestre Marisa Iva Abrao Malate Gobeia &amp; Mestre Efraime da Gra\u00e7a Gobeia &#8220;Pressupostos comportamentais a luz da teoria dos custos de transa\u00e7\u00e3o na cadeia de valor das hort\u00edcolas em Mo\u00e7ambique.&#8221;<\/a><\/p><p><a href=\"https:\/\/doi.org\/10.47682\/26756552.v1i1.42\">Mestre Efraime da Gra\u00e7a Armando Gobeia &amp; Mestre Marisa Iva Abrao Gobeia &#8220;<span class=\"\">IMPACTOS<\/span> <span class=\"\">DO<\/span> <span class=\"\">ACESSO<\/span> <span class=\"\">AO<\/span> <span class=\"\">CR\u00c9DITO<\/span> <span class=\"\">RURAL<\/span> <span class=\"\">COMO<\/span> <span class=\"\">MEIO<\/span> <span class=\"\">DE<\/span> <span class=\" \">AQUISI\u00c7\u00c3O<\/span> <span class=\"\">DE<\/span> <span class=\"\">TECNOLOGIAS<\/span> <span class=\"\">DE<\/span> <span class=\"\">PRODU\u00c7\u00c3O<\/span> <span class=\"\">MELHORADAS<\/span> <span class=\"\">NA<\/span> <span class=\"\">ZONA<\/span> <span class=\"\">SUL<\/span> <span class=\"\">DE<\/span> <span class=\"\">MO\u00c7AMBIQUE<\/span><span class=\"\">:<\/span> <span class=\" \">UMA<\/span> <span class=\"\">AN\u00c1LISE<\/span> <span class=\"\">A<\/span> <span class=\" \">PARTIR<\/span> <span class=\"\">DOS<\/span> <span class=\"\">CENSOS<\/span> <span class=\" \">AGR\u00cdCOLAS<\/span> <span class=\"\">2012<\/span><span class=\"\">&#8211;<\/span><span class=\"\">2020.&#8221;<\/span><\/a><\/p><p><a href=\"http:\/\/hdl.handle.net\/10183\/251674\">Mestre Efraime da Gra\u00e7a Armando Gobeia &#8220;Desenvolvimento econ\u00f4mico e social de agricultores benefici\u00e1rios e n\u00e3o benefici\u00e1rios do &#8220;SUSTENTA&#8221; no Regadio do Baixo Limpopo (Mo\u00e7ambique).&#8221;<\/a><\/p><p><a href=\"http:\/\/10.37885\/240917726\">Mestre Marisa Iva Abrao Malate Gobeia &amp; Mestre Efraime da Gra\u00e7a Armando Gobeia &#8220;Contribui\u00e7\u00f5es da tecnologia Blockhain para a sustentabilidade das cadeias agroalimentares: uma revis\u00e3o de literatura.&#8221;\u00a0<\/a><\/p><p>\u00a0<\/p>\t\t\t\t\t\t\t\t<\/div>\n\t\t\t\t<\/div>\n\t\t\t\t\t<\/div>\n\t\t\t\t<\/div>\n\t\t\t\t<\/div>\n\t\t","protected":false},"excerpt":{"rendered":"<p>Artigos produzidos por docentes da ESNEC Prof. Doutor Nelson Maria Rosario &amp; Doutor Alex Orlando Ndava &#8220;A extens\u00e3o rural, agricultura [&hellip;]<\/p>\n","protected":false},"author":2,"featured_media":0,"parent":0,"menu_order":0,"comment_status":"closed","ping_status":"closed","template":"","meta":{"site-sidebar-layout":"no-sidebar","site-content-layout":"","ast-site-content-layout":"full-width-container","site-content-style":"default","site-sidebar-style":"default","ast-global-header-display":"","ast-banner-title-visibility":"","ast-main-header-display":"","ast-hfb-above-header-display":"","ast-hfb-below-header-display":"","ast-hfb-mobile-header-display":"","site-post-title":"disabled","ast-breadcrumbs-content":"","ast-featured-img":"disabled","footer-sml-layout":"","theme-transparent-header-meta":"","adv-header-id-meta":"","stick-header-meta":"","header-above-stick-meta":"","header-main-stick-meta":"","header-below-stick-meta":"","astra-migrate-meta-layouts":"default","ast-page-background-enabled":"default","ast-page-background-meta":{"desktop":{"background-color":"var(--ast-global-color-4)","background-image":"","background-repeat":"repeat","background-position":"center center","background-size":"auto","background-attachment":"scroll","background-type":"","background-media":"","overlay-type":"","overlay-color":"","overlay-opacity":"","overlay-gradient":""},"tablet":{"background-color":"","background-image":"","background-repeat":"repeat","background-position":"center center","background-size":"auto","background-attachment":"scroll","background-type":"","background-media":"","overlay-type":"","overlay-color":"","overlay-opacity":"","overlay-gradient":""},"mobile":{"background-color":"","background-image":"","background-repeat":"repeat","background-position":"center center","background-size":"auto","background-attachment":"scroll","background-type":"","background-media":"","overlay-type":"","overlay-color":"","overlay-opacity":"","overlay-gradient":""}},"ast-content-background-meta":{"desktop":{"background-color":"var(--ast-global-color-5)","background-image":"","background-repeat":"repeat","background-position":"center center","background-size":"auto","background-attachment":"scroll","background-type":"","background-media":"","overlay-type":"","overlay-color":"","overlay-opacity":"","overlay-gradient":""},"tablet":{"background-color":"var(--ast-global-color-5)","background-image":"","background-repeat":"repeat","background-position":"center center","background-size":"auto","background-attachment":"scroll","background-type":"","background-media":"","overlay-type":"","overlay-color":"","overlay-opacity":"","overlay-gradient":""},"mobile":{"background-color":"var(--ast-global-color-5)","background-image":"","background-repeat":"repeat","background-position":"center center","background-size":"auto","background-attachment":"scroll","background-type":"","background-media":"","overlay-type":"","overlay-color":"","overlay-opacity":"","overlay-gradient":""}},"footnotes":""},"class_list":["post-435","page","type-page","status-publish","hentry"],"_links":{"self":[{"href":"https:\/\/esnec.ghost.uem.mz\/index.php\/wp-json\/wp\/v2\/pages\/435","targetHints":{"allow":["GET"]}}],"collection":[{"href":"https:\/\/esnec.ghost.uem.mz\/index.php\/wp-json\/wp\/v2\/pages"}],"about":[{"href":"https:\/\/esnec.ghost.uem.mz\/index.php\/wp-json\/wp\/v2\/types\/page"}],"author":[{"embeddable":true,"href":"https:\/\/esnec.ghost.uem.mz\/index.php\/wp-json\/wp\/v2\/users\/2"}],"replies":[{"embeddable":true,"href":"https:\/\/esnec.ghost.uem.mz\/index.php\/wp-json\/wp\/v2\/comments?post=435"}],"version-history":[{"count":30,"href":"https:\/\/esnec.ghost.uem.mz\/index.php\/wp-json\/wp\/v2\/pages\/435\/revisions"}],"predecessor-version":[{"id":675,"href":"https:\/\/esnec.ghost.uem.mz\/index.php\/wp-json\/wp\/v2\/pages\/435\/revisions\/675"}],"wp:attachment":[{"href":"https:\/\/esnec.ghost.uem.mz\/index.php\/wp-json\/wp\/v2\/media?parent=435"}],"curies":[{"name":"wp","href":"https:\/\/api.w.org\/{rel}","templated":true}]}}