{"id":412,"date":"2024-09-11T12:46:38","date_gmt":"2024-09-11T12:46:38","guid":{"rendered":"https:\/\/esnec.ghost.uem.mz\/?page_id=412"},"modified":"2025-02-20T14:15:47","modified_gmt":"2025-02-20T14:15:47","slug":"licenciatura-em-agro-negocios","status":"publish","type":"page","link":"https:\/\/esnec.ghost.uem.mz\/index.php\/licenciatura-em-agro-negocios\/","title":{"rendered":"Licenciatura em Agro-Neg\u00f3cios"},"content":{"rendered":"\t\t<div data-elementor-type=\"wp-page\" data-elementor-id=\"412\" class=\"elementor elementor-412\" data-elementor-post-type=\"page\">\n\t\t\t\t<div class=\"elementor-element elementor-element-6f23b81 e-flex e-con-boxed e-con e-parent\" data-id=\"6f23b81\" data-element_type=\"container\" data-e-type=\"container\">\n\t\t\t\t\t<div class=\"e-con-inner\">\n\t\t\t\t<div class=\"elementor-element elementor-element-7d379fc elementor-widget elementor-widget-text-editor\" data-id=\"7d379fc\" data-element_type=\"widget\" data-e-type=\"widget\" data-widget_type=\"text-editor.default\">\n\t\t\t\t<div class=\"elementor-widget-container\">\n\t\t\t\t\t\t\t\t\t<p>O Agro-neg\u00f3cios \u00e9 uma \u00e1rea de actividade que se encontra entre a agricultura propriamente dita e o com\u00e9rcio. Ele engloba as actividades de p\u00f3s-colheita, ou seja, transforma\u00e7\u00e3o, conserva\u00e7\u00e3o antes e depois da transforma\u00e7\u00e3o, transporte e manuseamento. N\u00e3o est\u00e1 de fora a actividade de fornecimento de insumos indispens\u00e1veis para o desenvolvimento da actividade agr\u00e1ria. Esta \u00e1rea \u00e9 fundamental para o aumento do valor acrescentado dos produtos agr\u00e1rios.<\/p><p><a href=\"https:\/\/mega.nz\/file\/gSMnjaQS#BgfxiRJ5C1xvCoZ25XRUA-I8Dj7ZgCn_kj-gkUvFx_M\">Clique aqui para baixar o curr\u00edculo completo.\u00a0\u00a0<\/a><\/p>\t\t\t\t\t\t\t\t<\/div>\n\t\t\t\t<\/div>\n\t\t\t\t\t<\/div>\n\t\t\t\t<\/div>\n\t\t\t\t<\/div>\n\t\t","protected":false},"excerpt":{"rendered":"<p>O Agro-neg\u00f3cios \u00e9 uma \u00e1rea de actividade que se encontra entre a agricultura propriamente dita e o com\u00e9rcio. Ele engloba [&hellip;]<\/p>\n","protected":false},"author":1,"featured_media":0,"parent":0,"menu_order":0,"comment_status":"closed","ping_status":"closed","template":"","meta":{"site-sidebar-layout":"no-sidebar","site-content-layout":"","ast-site-content-layout":"full-width-container","site-content-style":"default","site-sidebar-style":"default","ast-global-header-display":"","ast-banner-title-visibility":"","ast-main-header-display":"","ast-hfb-above-header-display":"","ast-hfb-below-header-display":"","ast-hfb-mobile-header-display":"","site-post-title":"disabled","ast-breadcrumbs-content":"","ast-featured-img":"disabled","footer-sml-layout":"","theme-transparent-header-meta":"","adv-header-id-meta":"","stick-header-meta":"","header-above-stick-meta":"","header-main-stick-meta":"","header-below-stick-meta":"","astra-migrate-meta-layouts":"default","ast-page-background-enabled":"default","ast-page-background-meta":{"desktop":{"background-color":"var(--ast-global-color-4)","background-image":"","background-repeat":"repeat","background-position":"center center","background-size":"auto","background-attachment":"scroll","background-type":"","background-media":"","overlay-type":"","overlay-color":"","overlay-opacity":"","overlay-gradient":""},"tablet":{"background-color":"","background-image":"","background-repeat":"repeat","background-position":"center center","background-size":"auto","background-attachment":"scroll","background-type":"","background-media":"","overlay-type":"","overlay-color":"","overlay-opacity":"","overlay-gradient":""},"mobile":{"background-color":"","background-image":"","background-repeat":"repeat","background-position":"center center","background-size":"auto","background-attachment":"scroll","background-type":"","background-media":"","overlay-type":"","overlay-color":"","overlay-opacity":"","overlay-gradient":""}},"ast-content-background-meta":{"desktop":{"background-color":"var(--ast-global-color-5)","background-image":"","background-repeat":"repeat","background-position":"center center","background-size":"auto","background-attachment":"scroll","background-type":"","background-media":"","overlay-type":"","overlay-color":"","overlay-opacity":"","overlay-gradient":""},"tablet":{"background-color":"var(--ast-global-color-5)","background-image":"","background-repeat":"repeat","background-position":"center center","background-size":"auto","background-attachment":"scroll","background-type":"","background-media":"","overlay-type":"","overlay-color":"","overlay-opacity":"","overlay-gradient":""},"mobile":{"background-color":"var(--ast-global-color-5)","background-image":"","background-repeat":"repeat","background-position":"center center","background-size":"auto","background-attachment":"scroll","background-type":"","background-media":"","overlay-type":"","overlay-color":"","overlay-opacity":"","overlay-gradient":""}},"footnotes":""},"class_list":["post-412","page","type-page","status-publish","hentry"],"_links":{"self":[{"href":"https:\/\/esnec.ghost.uem.mz\/index.php\/wp-json\/wp\/v2\/pages\/412","targetHints":{"allow":["GET"]}}],"collection":[{"href":"https:\/\/esnec.ghost.uem.mz\/index.php\/wp-json\/wp\/v2\/pages"}],"about":[{"href":"https:\/\/esnec.ghost.uem.mz\/index.php\/wp-json\/wp\/v2\/types\/page"}],"author":[{"embeddable":true,"href":"https:\/\/esnec.ghost.uem.mz\/index.php\/wp-json\/wp\/v2\/users\/1"}],"replies":[{"embeddable":true,"href":"https:\/\/esnec.ghost.uem.mz\/index.php\/wp-json\/wp\/v2\/comments?post=412"}],"version-history":[{"count":7,"href":"https:\/\/esnec.ghost.uem.mz\/index.php\/wp-json\/wp\/v2\/pages\/412\/revisions"}],"predecessor-version":[{"id":708,"href":"https:\/\/esnec.ghost.uem.mz\/index.php\/wp-json\/wp\/v2\/pages\/412\/revisions\/708"}],"wp:attachment":[{"href":"https:\/\/esnec.ghost.uem.mz\/index.php\/wp-json\/wp\/v2\/media?parent=412"}],"curies":[{"name":"wp","href":"https:\/\/api.w.org\/{rel}","templated":true}]}}